{"id":135,"date":"2020-03-09T12:27:15","date_gmt":"2020-03-09T11:27:15","guid":{"rendered":"http:\/\/kellerdesign.de\/?page_id=135"},"modified":"2025-11-17T10:29:39","modified_gmt":"2025-11-17T09:29:39","slug":"wir-ueber-uns-kellerdesign","status":"publish","type":"page","link":"https:\/\/kellerdesign.de\/index.php\/wir-ueber-uns-kellerdesign\/","title":{"rendered":"WIR \u00dcBER UNS"},"content":{"rendered":"\n<div class=\"wp-block-columns is-layout-flex wp-container-core-columns-is-layout-28f84493 wp-block-columns-is-layout-flex\">\n<div class=\"wp-block-column is-layout-flow wp-block-column-is-layout-flow\">\n<figure class=\"wp-block-image size-full  image-hover-effect\"><a href=\"https:\/\/kellerdesign.de\/wp-content\/uploads\/2023\/06\/Keller-Design-Messen-Events-Wir-ueber-uns-Messebau.jpg\" target=\"_blank\" rel=\"keller-design-simmozheim-fuhrpark noopener\"><img loading=\"lazy\" decoding=\"async\" width=\"700\" height=\"540\" src=\"https:\/\/kellerdesign.de\/wp-content\/uploads\/2023\/06\/Keller-Design-Messen-Events-Wir-ueber-uns-Messebau.jpg\" alt=\"wir-ueber-uns-team-projektorganisation\" class=\"wp-image-7675\" srcset=\"https:\/\/kellerdesign.de\/wp-content\/uploads\/2023\/06\/Keller-Design-Messen-Events-Wir-ueber-uns-Messebau.jpg 700w, https:\/\/kellerdesign.de\/wp-content\/uploads\/2023\/06\/Keller-Design-Messen-Events-Wir-ueber-uns-Messebau-300x231.jpg 300w\" sizes=\"auto, (max-width: 700px) 100vw, 700px\" \/><\/a><\/figure>\n<\/div>\n\n\n\n<div class=\"wp-block-column is-layout-flow wp-block-column-is-layout-flow\">\n<figure class=\"wp-block-image size-full  image-hover-effect\"><a href=\"https:\/\/kellerdesign.de\/wp-content\/uploads\/2023\/06\/Keller-Design-Messen-Events-Wir-ueber-uns-Fuhrpark-Logistik.jpg\" target=\"_blank\" rel=\"keller-design-simmozheim-treppenaufgang noopener\"><img loading=\"lazy\" decoding=\"async\" width=\"700\" height=\"540\" src=\"https:\/\/kellerdesign.de\/wp-content\/uploads\/2023\/06\/Keller-Design-Messen-Events-Wir-ueber-uns-Fuhrpark-Logistik.jpg\" alt=\"wir-ueber-uns-kellerdesign-fuhrpark-logistik\" class=\"wp-image-7668\" srcset=\"https:\/\/kellerdesign.de\/wp-content\/uploads\/2023\/06\/Keller-Design-Messen-Events-Wir-ueber-uns-Fuhrpark-Logistik.jpg 700w, https:\/\/kellerdesign.de\/wp-content\/uploads\/2023\/06\/Keller-Design-Messen-Events-Wir-ueber-uns-Fuhrpark-Logistik-300x231.jpg 300w\" sizes=\"auto, (max-width: 700px) 100vw, 700px\" \/><\/a><\/figure>\n<\/div>\n\n\n\n<div class=\"wp-block-column is-layout-flow wp-block-column-is-layout-flow\">\n<figure class=\"wp-block-image size-full  image-hover-effect\"><a href=\"https:\/\/kellerdesign.de\/wp-content\/uploads\/2022\/06\/Keller-Design-Messen-Events-Wir-ueber-uns-Buero03.jpg\" target=\"_blank\" rel=\"keller-design-buero-simmozheim noopener\"><img loading=\"lazy\" decoding=\"async\" width=\"700\" height=\"540\" src=\"https:\/\/kellerdesign.de\/wp-content\/uploads\/2022\/06\/Keller-Design-Messen-Events-Wir-ueber-uns-Buero03.jpg\" alt=\"wir-ueber-uns-keller-design-buero\" class=\"wp-image-5645\" srcset=\"https:\/\/kellerdesign.de\/wp-content\/uploads\/2022\/06\/Keller-Design-Messen-Events-Wir-ueber-uns-Buero03.jpg 700w, https:\/\/kellerdesign.de\/wp-content\/uploads\/2022\/06\/Keller-Design-Messen-Events-Wir-ueber-uns-Buero03-300x231.jpg 300w\" sizes=\"auto, (max-width: 700px) 100vw, 700px\" \/><\/a><\/figure>\n<\/div>\n\n\n\n<div class=\"wp-block-column is-layout-flow wp-block-column-is-layout-flow\">\n<figure class=\"wp-block-image size-full  image-hover-effect\"><a href=\"https:\/\/kellerdesign.de\/wp-content\/uploads\/2023\/06\/Keller-Design-Messen-Events-Wir-ueber-uns-Team-Events.jpg\" target=\"_blank\" rel=\"keller-design-simmozheim-buero noopener\"><img loading=\"lazy\" decoding=\"async\" width=\"700\" height=\"540\" src=\"https:\/\/kellerdesign.de\/wp-content\/uploads\/2023\/06\/Keller-Design-Messen-Events-Wir-ueber-uns-Team-Events.jpg\" alt=\"wir-ueber-uns-team-veranstaltungsservice\" class=\"wp-image-7677\" srcset=\"https:\/\/kellerdesign.de\/wp-content\/uploads\/2023\/06\/Keller-Design-Messen-Events-Wir-ueber-uns-Team-Events.jpg 700w, https:\/\/kellerdesign.de\/wp-content\/uploads\/2023\/06\/Keller-Design-Messen-Events-Wir-ueber-uns-Team-Events-300x231.jpg 300w\" sizes=\"auto, (max-width: 700px) 100vw, 700px\" \/><\/a><\/figure>\n<\/div>\n\n\n\n<div class=\"wp-block-column is-layout-flow wp-block-column-is-layout-flow\">\n<figure class=\"wp-block-image size-full  image-hover-effect\"><a href=\"https:\/\/kellerdesign.de\/wp-content\/uploads\/2023\/06\/Keller-Design-Messen-Events-Wir-ueber-uns-Logistik.jpg\" target=\"_blank\" rel=\"keller-design-ideenschmiede-nordschwarzwald noopener\"><img loading=\"lazy\" decoding=\"async\" width=\"700\" height=\"540\" src=\"https:\/\/kellerdesign.de\/wp-content\/uploads\/2023\/06\/Keller-Design-Messen-Events-Wir-ueber-uns-Logistik.jpg\" alt=\"wir-ueber-uns-kellerdesign-logistik\" class=\"wp-image-7673\" srcset=\"https:\/\/kellerdesign.de\/wp-content\/uploads\/2023\/06\/Keller-Design-Messen-Events-Wir-ueber-uns-Logistik.jpg 700w, https:\/\/kellerdesign.de\/wp-content\/uploads\/2023\/06\/Keller-Design-Messen-Events-Wir-ueber-uns-Logistik-300x231.jpg 300w\" sizes=\"auto, (max-width: 700px) 100vw, 700px\" \/><\/a><\/figure>\n<\/div>\n<\/div>\n\n\n\n<div style=\"height:20px\" aria-hidden=\"true\" class=\"wp-block-spacer\"><\/div>\n\n\n\n<div class=\"wp-block-columns is-layout-flex wp-container-core-columns-is-layout-28f84493 wp-block-columns-is-layout-flex\">\n<div class=\"wp-block-column is-layout-flow wp-block-column-is-layout-flow\">\n<figure class=\"wp-block-image size-full  image-hover-effect\"><a href=\"https:\/\/kellerdesign.de\/wp-content\/uploads\/2023\/06\/Keller-Design-Messen-Events-Wir-ueber-uns-Konstruktion.jpg\" target=\"_blank\" rel=\"keller-design-grafik-simmozheim noopener\"><img loading=\"lazy\" decoding=\"async\" width=\"700\" height=\"540\" src=\"https:\/\/kellerdesign.de\/wp-content\/uploads\/2023\/06\/Keller-Design-Messen-Events-Wir-ueber-uns-Konstruktion.jpg\" alt=\"wir-ueber-uns-team-cad-kellerdesign\" class=\"wp-image-7670\" srcset=\"https:\/\/kellerdesign.de\/wp-content\/uploads\/2023\/06\/Keller-Design-Messen-Events-Wir-ueber-uns-Konstruktion.jpg 700w, https:\/\/kellerdesign.de\/wp-content\/uploads\/2023\/06\/Keller-Design-Messen-Events-Wir-ueber-uns-Konstruktion-300x231.jpg 300w\" sizes=\"auto, (max-width: 700px) 100vw, 700px\" \/><\/a><\/figure>\n<\/div>\n\n\n\n<div class=\"wp-block-column is-layout-flow wp-block-column-is-layout-flow\">\n<figure class=\"wp-block-image size-full  image-hover-effect\"><a href=\"https:\/\/kellerdesign.de\/wp-content\/uploads\/2023\/06\/Keller-Design-Messen-Events-Wir-ueber-uns-Werkstatt.jpg\" target=\"_blank\" rel=\"keller-design-logistik-lager noopener\"><img loading=\"lazy\" decoding=\"async\" width=\"700\" height=\"540\" src=\"https:\/\/kellerdesign.de\/wp-content\/uploads\/2023\/06\/Keller-Design-Messen-Events-Wir-ueber-uns-Werkstatt.jpg\" alt=\"wir-ueber-uns-team-werkstatt-kellerdesign\" class=\"wp-image-7681\" srcset=\"https:\/\/kellerdesign.de\/wp-content\/uploads\/2023\/06\/Keller-Design-Messen-Events-Wir-ueber-uns-Werkstatt.jpg 700w, https:\/\/kellerdesign.de\/wp-content\/uploads\/2023\/06\/Keller-Design-Messen-Events-Wir-ueber-uns-Werkstatt-300x231.jpg 300w\" sizes=\"auto, (max-width: 700px) 100vw, 700px\" \/><\/a><\/figure>\n<\/div>\n\n\n\n<div class=\"wp-block-column is-layout-flow wp-block-column-is-layout-flow\">\n<figure class=\"wp-block-image size-full  image-hover-effect\"><a href=\"https:\/\/kellerdesign.de\/wp-content\/uploads\/2023\/06\/Keller-Design-Messen-Events-Wir-ueber-uns-Logistik-Fuhrpark.jpg\" target=\"_blank\" rel=\"keller-design-lager-ausstattung noopener\"><img loading=\"lazy\" decoding=\"async\" width=\"700\" height=\"540\" src=\"https:\/\/kellerdesign.de\/wp-content\/uploads\/2023\/06\/Keller-Design-Messen-Events-Wir-ueber-uns-Logistik-Fuhrpark.jpg\" alt=\"wir-ueber-uns-team-messe-logistik\" class=\"wp-image-7674\" srcset=\"https:\/\/kellerdesign.de\/wp-content\/uploads\/2023\/06\/Keller-Design-Messen-Events-Wir-ueber-uns-Logistik-Fuhrpark.jpg 700w, https:\/\/kellerdesign.de\/wp-content\/uploads\/2023\/06\/Keller-Design-Messen-Events-Wir-ueber-uns-Logistik-Fuhrpark-300x231.jpg 300w\" sizes=\"auto, (max-width: 700px) 100vw, 700px\" \/><\/a><\/figure>\n<\/div>\n\n\n\n<div class=\"wp-block-column is-layout-flow wp-block-column-is-layout-flow\">\n<figure class=\"wp-block-image size-full  image-hover-effect\"><a href=\"https:\/\/kellerdesign.de\/wp-content\/uploads\/2023\/06\/Keller-Design-Messen-Events-Wir-ueber-uns-Lager.jpg\" target=\"_blank\" rel=\"keller-design-werkstatt-produktion noopener\"><img loading=\"lazy\" decoding=\"async\" width=\"700\" height=\"540\" src=\"https:\/\/kellerdesign.de\/wp-content\/uploads\/2023\/06\/Keller-Design-Messen-Events-Wir-ueber-uns-Lager.jpg\" alt=\"wir-ueber-uns-kellerdesign-lager-simmozheim\" class=\"wp-image-7671\" srcset=\"https:\/\/kellerdesign.de\/wp-content\/uploads\/2023\/06\/Keller-Design-Messen-Events-Wir-ueber-uns-Lager.jpg 700w, https:\/\/kellerdesign.de\/wp-content\/uploads\/2023\/06\/Keller-Design-Messen-Events-Wir-ueber-uns-Lager-300x231.jpg 300w\" sizes=\"auto, (max-width: 700px) 100vw, 700px\" \/><\/a><\/figure>\n<\/div>\n\n\n\n<div class=\"wp-block-column is-layout-flow wp-block-column-is-layout-flow\">\n<figure class=\"wp-block-image size-full  image-hover-effect\"><a href=\"https:\/\/kellerdesign.de\/wp-content\/uploads\/2023\/06\/Keller-Design-Messen-Events-Wir-ueber-uns-Grafik.jpg\" target=\"_blank\" rel=\"keller-design-montage-logistik noopener\"><img loading=\"lazy\" decoding=\"async\" width=\"700\" height=\"540\" src=\"https:\/\/kellerdesign.de\/wp-content\/uploads\/2023\/06\/Keller-Design-Messen-Events-Wir-ueber-uns-Grafik.jpg\" alt=\"wir-ueber-uns-team-kellerdesign-grafik\" class=\"wp-image-7669\" srcset=\"https:\/\/kellerdesign.de\/wp-content\/uploads\/2023\/06\/Keller-Design-Messen-Events-Wir-ueber-uns-Grafik.jpg 700w, https:\/\/kellerdesign.de\/wp-content\/uploads\/2023\/06\/Keller-Design-Messen-Events-Wir-ueber-uns-Grafik-300x231.jpg 300w\" sizes=\"auto, (max-width: 700px) 100vw, 700px\" \/><\/a><\/figure>\n<\/div>\n<\/div>\n\n\n\n<div style=\"height:20px\" aria-hidden=\"true\" class=\"wp-block-spacer\"><\/div>\n\n\n\n<div class=\"wp-block-columns is-layout-flex wp-container-core-columns-is-layout-28f84493 wp-block-columns-is-layout-flex\">\n<div class=\"wp-block-column is-layout-flow wp-block-column-is-layout-flow\">\n<figure class=\"wp-block-image size-full  image-hover-effect\"><a href=\"https:\/\/kellerdesign.de\/wp-content\/uploads\/2023\/06\/Keller-Design-Messen-Events-Wir-ueber-uns-Schreinerei.jpg\" target=\"_blank\" rel=\"noreferrer noopener\"><img loading=\"lazy\" decoding=\"async\" width=\"700\" height=\"540\" src=\"https:\/\/kellerdesign.de\/wp-content\/uploads\/2023\/06\/Keller-Design-Messen-Events-Wir-ueber-uns-Schreinerei.jpg\" alt=\"wir-ueber-uns-schreinerei-saege\" class=\"wp-image-7676\" srcset=\"https:\/\/kellerdesign.de\/wp-content\/uploads\/2023\/06\/Keller-Design-Messen-Events-Wir-ueber-uns-Schreinerei.jpg 700w, https:\/\/kellerdesign.de\/wp-content\/uploads\/2023\/06\/Keller-Design-Messen-Events-Wir-ueber-uns-Schreinerei-300x231.jpg 300w\" sizes=\"auto, (max-width: 700px) 100vw, 700px\" \/><\/a><\/figure>\n<\/div>\n\n\n\n<div class=\"wp-block-column is-layout-flow wp-block-column-is-layout-flow\">\n<figure class=\"wp-block-image size-full  image-hover-effect\"><a href=\"https:\/\/kellerdesign.de\/wp-content\/uploads\/2023\/06\/Keller-Design-Messen-Events-Wir-ueber-uns-Team-Grafik.jpg\" target=\"_blank\" rel=\"noreferrer noopener\"><img loading=\"lazy\" decoding=\"async\" width=\"700\" height=\"540\" src=\"https:\/\/kellerdesign.de\/wp-content\/uploads\/2023\/06\/Keller-Design-Messen-Events-Wir-ueber-uns-Team-Grafik.jpg\" alt=\"wir-ueber-uns-grafik-team-kellerdesign\" class=\"wp-image-7678\" srcset=\"https:\/\/kellerdesign.de\/wp-content\/uploads\/2023\/06\/Keller-Design-Messen-Events-Wir-ueber-uns-Team-Grafik.jpg 700w, https:\/\/kellerdesign.de\/wp-content\/uploads\/2023\/06\/Keller-Design-Messen-Events-Wir-ueber-uns-Team-Grafik-300x231.jpg 300w\" sizes=\"auto, (max-width: 700px) 100vw, 700px\" \/><\/a><\/figure>\n<\/div>\n\n\n\n<div class=\"wp-block-column is-layout-flow wp-block-column-is-layout-flow\">\n<figure class=\"wp-block-image size-full  image-hover-effect\"><a href=\"https:\/\/kellerdesign.de\/wp-content\/uploads\/2023\/06\/Keller-Design-Messen-Events-Wir-ueber-uns-Lager-Stapler.jpg\" target=\"_blank\" rel=\"noreferrer noopener\"><img loading=\"lazy\" decoding=\"async\" width=\"700\" height=\"540\" src=\"https:\/\/kellerdesign.de\/wp-content\/uploads\/2023\/06\/Keller-Design-Messen-Events-Wir-ueber-uns-Lager-Stapler.jpg\" alt=\"wir-ueber-uns-lager-logistik-kellerdesign\" class=\"wp-image-7672\" srcset=\"https:\/\/kellerdesign.de\/wp-content\/uploads\/2023\/06\/Keller-Design-Messen-Events-Wir-ueber-uns-Lager-Stapler.jpg 700w, https:\/\/kellerdesign.de\/wp-content\/uploads\/2023\/06\/Keller-Design-Messen-Events-Wir-ueber-uns-Lager-Stapler-300x231.jpg 300w\" sizes=\"auto, (max-width: 700px) 100vw, 700px\" \/><\/a><\/figure>\n<\/div>\n\n\n\n<div class=\"wp-block-column is-layout-flow wp-block-column-is-layout-flow\">\n<figure class=\"wp-block-image size-full  image-hover-effect\"><a href=\"https:\/\/kellerdesign.de\/wp-content\/uploads\/2023\/06\/Keller-Design-Messen-Events-Wir-ueber-uns-Team-Messeorganistation.jpg\" target=\"_blank\" rel=\"noreferrer noopener\"><img loading=\"lazy\" decoding=\"async\" width=\"700\" height=\"540\" src=\"https:\/\/kellerdesign.de\/wp-content\/uploads\/2023\/06\/Keller-Design-Messen-Events-Wir-ueber-uns-Team-Messeorganistation.jpg\" alt=\"wir-ueber-uns-kellerdesign-planung\" class=\"wp-image-7680\" srcset=\"https:\/\/kellerdesign.de\/wp-content\/uploads\/2023\/06\/Keller-Design-Messen-Events-Wir-ueber-uns-Team-Messeorganistation.jpg 700w, https:\/\/kellerdesign.de\/wp-content\/uploads\/2023\/06\/Keller-Design-Messen-Events-Wir-ueber-uns-Team-Messeorganistation-300x231.jpg 300w\" sizes=\"auto, (max-width: 700px) 100vw, 700px\" \/><\/a><\/figure>\n<\/div>\n\n\n\n<div class=\"wp-block-column is-layout-flow wp-block-column-is-layout-flow\">\n<figure class=\"wp-block-image size-full  image-hover-effect\"><a href=\"https:\/\/kellerdesign.de\/wp-content\/uploads\/2023\/06\/Keller-Design-Messen-Events-Wir-ueber-uns-Team-Konstruktion.jpg\" target=\"_blank\" rel=\"noreferrer noopener\"><img loading=\"lazy\" decoding=\"async\" width=\"700\" height=\"540\" src=\"https:\/\/kellerdesign.de\/wp-content\/uploads\/2023\/06\/Keller-Design-Messen-Events-Wir-ueber-uns-Team-Konstruktion.jpg\" alt=\"wir-ueber-uns-team-kellerdesign-cad-planung\" class=\"wp-image-7679\" srcset=\"https:\/\/kellerdesign.de\/wp-content\/uploads\/2023\/06\/Keller-Design-Messen-Events-Wir-ueber-uns-Team-Konstruktion.jpg 700w, https:\/\/kellerdesign.de\/wp-content\/uploads\/2023\/06\/Keller-Design-Messen-Events-Wir-ueber-uns-Team-Konstruktion-300x231.jpg 300w\" sizes=\"auto, (max-width: 700px) 100vw, 700px\" \/><\/a><\/figure>\n<\/div>\n<\/div>\n\n\n\n<div style=\"height:20px\" aria-hidden=\"true\" class=\"wp-block-spacer\"><\/div>\n\n\n\n<figure class=\"wp-block-image aligncenter size-full is-resized\"><img loading=\"lazy\" decoding=\"async\" width=\"960\" height=\"240\" src=\"https:\/\/kellerdesign.de\/wp-content\/uploads\/2022\/06\/Keller-Design-Messen-Events-Natur-Unser-Vorbild.jpg\" alt=\"wir-ueber-uns-natur-vorbild-keller-design\" class=\"wp-image-5644\" style=\"width:880px\" srcset=\"https:\/\/kellerdesign.de\/wp-content\/uploads\/2022\/06\/Keller-Design-Messen-Events-Natur-Unser-Vorbild.jpg 960w, https:\/\/kellerdesign.de\/wp-content\/uploads\/2022\/06\/Keller-Design-Messen-Events-Natur-Unser-Vorbild-300x75.jpg 300w, https:\/\/kellerdesign.de\/wp-content\/uploads\/2022\/06\/Keller-Design-Messen-Events-Natur-Unser-Vorbild-768x192.jpg 768w\" sizes=\"auto, (max-width: 960px) 100vw, 960px\" \/><\/figure>\n\n\n\n<div class=\"seo-text\" style=\"display:none;\">\n  <h1>Wir \u00fcber uns &#8211; ein Blick hinter die Kulissen<\/h1>\n\n  <h2>Wir \u00fcber uns im Nordschwarzwald<\/h2>\n  <p>Messest\u00e4nde, Eventservice und Werbetechnik aus dem Nordschwarzwald<\/p>\n \n<\/div>\n","protected":false},"excerpt":{"rendered":"<p>Wir \u00fcber uns &#8211; ein Blick hinter die Kulissen Wir \u00fcber uns im Nordschwarzwald Messest\u00e4nde, Eventservice und Werbetechnik aus dem Nordschwarzwald<\/p>\n","protected":false},"author":1,"featured_media":0,"parent":0,"menu_order":0,"comment_status":"closed","ping_status":"closed","template":"","meta":{"_coblocks_attr":"","_coblocks_dimensions":"","_coblocks_responsive_height":"","_coblocks_accordion_ie_support":"","site-sidebar-layout":"default","site-content-layout":"default","ast-site-content-layout":"default","site-content-style":"default","site-sidebar-style":"default","ast-global-header-display":"","ast-banner-title-visibility":"","ast-main-header-display":"","ast-hfb-above-header-display":"","ast-hfb-below-header-display":"","ast-hfb-mobile-header-display":"","site-post-title":"disabled","ast-breadcrumbs-content":"","ast-featured-img":"","footer-sml-layout":"","ast-disable-related-posts":"","theme-transparent-header-meta":"default","adv-header-id-meta":"","stick-header-meta":"default","header-above-stick-meta":"","header-main-stick-meta":"","header-below-stick-meta":"","astra-migrate-meta-layouts":"set","ast-page-background-enabled":"default","ast-page-background-meta":{"desktop":{"background-color":"","background-image":"","background-repeat":"repeat","background-position":"center center","background-size":"auto","background-attachment":"scroll","background-type":"","background-media":"","overlay-type":"","overlay-color":"","overlay-opacity":"","overlay-gradient":""},"tablet":{"background-color":"","background-image":"","background-repeat":"repeat","background-position":"center center","background-size":"auto","background-attachment":"scroll","background-type":"","background-media":"","overlay-type":"","overlay-color":"","overlay-opacity":"","overlay-gradient":""},"mobile":{"background-color":"","background-image":"","background-repeat":"repeat","background-position":"center center","background-size":"auto","background-attachment":"scroll","background-type":"","background-media":"","overlay-type":"","overlay-color":"","overlay-opacity":"","overlay-gradient":""}},"ast-content-background-meta":{"desktop":{"background-color":"var(--ast-global-color-5)","background-image":"","background-repeat":"repeat","background-position":"center center","background-size":"auto","background-attachment":"scroll","background-type":"","background-media":"","overlay-type":"","overlay-color":"","overlay-opacity":"","overlay-gradient":""},"tablet":{"background-color":"var(--ast-global-color-5)","background-image":"","background-repeat":"repeat","background-position":"center center","background-size":"auto","background-attachment":"scroll","background-type":"","background-media":"","overlay-type":"","overlay-color":"","overlay-opacity":"","overlay-gradient":""},"mobile":{"background-color":"var(--ast-global-color-5)","background-image":"","background-repeat":"repeat","background-position":"center center","background-size":"auto","background-attachment":"scroll","background-type":"","background-media":"","overlay-type":"","overlay-color":"","overlay-opacity":"","overlay-gradient":""}},"footnotes":""},"class_list":["post-135","page","type-page","status-publish","hentry"],"jetpack_sharing_enabled":true,"_links":{"self":[{"href":"https:\/\/kellerdesign.de\/index.php\/wp-json\/wp\/v2\/pages\/135","targetHints":{"allow":["GET"]}}],"collection":[{"href":"https:\/\/kellerdesign.de\/index.php\/wp-json\/wp\/v2\/pages"}],"about":[{"href":"https:\/\/kellerdesign.de\/index.php\/wp-json\/wp\/v2\/types\/page"}],"author":[{"embeddable":true,"href":"https:\/\/kellerdesign.de\/index.php\/wp-json\/wp\/v2\/users\/1"}],"replies":[{"embeddable":true,"href":"https:\/\/kellerdesign.de\/index.php\/wp-json\/wp\/v2\/comments?post=135"}],"version-history":[{"count":59,"href":"https:\/\/kellerdesign.de\/index.php\/wp-json\/wp\/v2\/pages\/135\/revisions"}],"predecessor-version":[{"id":13616,"href":"https:\/\/kellerdesign.de\/index.php\/wp-json\/wp\/v2\/pages\/135\/revisions\/13616"}],"wp:attachment":[{"href":"https:\/\/kellerdesign.de\/index.php\/wp-json\/wp\/v2\/media?parent=135"}],"curies":[{"name":"wp","href":"https:\/\/api.w.org\/{rel}","templated":true}]}}