{"id":1354,"date":"2021-04-22T09:36:52","date_gmt":"2021-04-22T08:36:52","guid":{"rendered":"http:\/\/kellerdesign.de\/?page_id=1354"},"modified":"2025-05-20T15:01:59","modified_gmt":"2025-05-20T13:01:59","slug":"agb-keller-design","status":"publish","type":"page","link":"https:\/\/kellerdesign.de\/index.php\/agb-keller-design\/","title":{"rendered":"AGB"},"content":{"rendered":"\n<h2 class=\"has-text-align-center has-text-color wp-block-heading\" id=\"allgemeine-geschaftsbedingungen-der-keller-design-messen-events-gmbh\" style=\"color:#555555\">Allgemeine Gesch\u00e4ftsbedingungen der <br>Keller Design &#8211; Messen &amp; Events &#8211; GmbH<\/h2>\n\n\n\n<p class=\"has-text-align-center has-text-color\" style=\"color:#555555\"><strong>Juli 2020<\/strong><\/p>\n\n\n\n<div class=\"wp-block-columns is-layout-flex wp-container-core-columns-is-layout-28f84493 wp-block-columns-is-layout-flex\">\n<div class=\"wp-block-column is-layout-flow wp-block-column-is-layout-flow\">\n<p><strong>1. <\/strong><em><strong>Allgemeines<\/strong><\/em><br>Diese Allgemeinen Gesch\u00e4ftsbedingungen liegen allen unseren Angeboten und Auftragsbest\u00e4tigungen sowie s\u00e4mtlichen zwischen unseren Auftraggebern und uns &#8211; wie auch immer &#8211; zustande kommenden Vertr\u00e4gen und den darauf beruhenden einseitigen und\/oder gegenseitigen Anspr\u00fcchen zugrunde. Sp\u00e4testens mit der Entgegennahme unserer Leistungen gelten diese Bedingungen als anerkannt. Damit gelten diese Bedingungen &#8211; auch wenn sie nicht nochmals ausdr\u00fccklich vereinbart werden &#8211; f\u00fcr alle weiteren k\u00fcnftigen Gesch\u00e4ftsbeziehungen zwischen dem\/den Auftraggeber(n) und uns als anerkannt. Abweichungen von diesen Bedingungen, Erg\u00e4nzungen derselben, m\u00fcndlichen Nebenanreden, Zusicherungen von Eigenschaften und\/oder nachtr\u00e4gliche Vertrags\u00e4nderungen bed\u00fcrfen zu ihrer Rechtswirksamkeit unserer ausdr\u00fccklichen schriftlichen Best\u00e4tigung.<br><\/p>\n\n\n\n<p><strong>2.<\/strong> <strong><em>Preise<\/em><\/strong><br>Alle von uns &#8211; gleichg\u00fcltig in welcher Form &#8211; angegebenen Preise sind freibleibend. Verbindlich sind nur die in der schriftlichen Auftragsbest\u00e4tigung genannten Preise, vorbehaltlich unseres Rechtes der nachtr\u00e4glichen \u00c4nderungen wegen Irrtums, Schreibfehlern usw. Zul\u00e4ssig sind nach Auftragsbest\u00e4tigung auch Preiserh\u00f6hungen,<br>die durch unvorhersehbare und nach Auftragsbest\u00e4tigung entstandene Ver\u00e4nderungen preisbildender Faktoren begr\u00fcndet sind. Derartige Preiserh\u00f6hungen sind den Vertragspartnern innerhalb angemessener Frist anzuzeigen. Eine Erh\u00f6hung oder Senkung der gesetzlichen Mehrwertsteuer hat in jedem Fall eine entsprechende Anpassung unserer Endpreise zur Folge, ohne dass es einer Anzeige gegen\u00fcber unseren Gesch\u00e4ftspartnern bedarf. F\u00fcr Mehrarbeit (\u00dcberstunden, Nacht-, Sonn- und Feiertagsarbeit) sowie Arbeiten unter erschwerten Bedingungen, werden die \u00fcblichen Zuschl\u00e4ge berechnet; dies gilt auch f\u00fcr Pauschalauftr\u00e4ge. Dem Auftragsvolumen angemessene Besprechungen werden von uns nicht in Rechnung gestellt. F\u00fcr weitergehende Besprechungen werden wir dem Auftraggeber neben dem Zeitaufwand eventuell angefallene Fahrt-, Verpflegungs- und \u00dcbernachtungskosten berechnen. Vorschl\u00e4ge, Texte, Entw\u00fcrfe usw., die uns gegen\u00fcber nicht zu einer Auftragserteilung f\u00fchren, sind &#8211; unabh\u00e4ngig davon, ob sie vom Besteller verwendet werden oder nicht &#8211; uns gegen\u00fcber zu honorieren. Verz\u00f6gert sich die Abwicklung eines Auftrages aus Gr\u00fcnden, die nicht von uns zu verantworten sind, so werden wir die uns in diesem Zusammenhang erwachsenden Ausfallzeiten und sonstigen Aufwendungen dem Auftraggeber zus\u00e4tzlich in Rechnung stellen.<br><\/p>\n\n\n\n<p><strong>3.<\/strong> <strong><em>Urheberrechte<\/em><\/strong><br>Entw\u00fcrfe, Planung und Zeichnungsunterlagen bleiben mit allen Rechten unser Eigentum, ebenso Fertigungsunterlagen wie Pausen, Schablonen, Filme, Repros und Dias. Die \u00dcbertragung von Eigentums &#8211; und Urheberrechten an diesen Unterlagen sowie die Berechtigung jeglicher Wiederverwendung, Nachbildung oder Vervielf\u00e4ltigung dieser Unterlagen bed\u00fcrfen zu ihrer Rechtswirksamkeit unserer schriftlichen Erkl\u00e4rungen. \u00c4nderungen von Unterlagen der vorerw\u00e4hnten Art d\u00fcrfen nur durch von uns beauftragte Personen vorgenommen werden. Wir sind berechtigt, Unterlagen der<br>vorgenannten Art zu signieren und zu Werbezwecken zu verwenden.<br><\/p>\n\n\n\n<p><strong>4.<\/strong> <strong><em>Subunternehmer<\/em><\/strong><br>Wir sind berechtigt, uns zum Zwecke der Erf\u00fcllung von Liefer- und\/oder Leistungsverpflichtungen Unterlieferanten und\/oder Subunternehmern nach unserem Ermessen und nach unserer Wahl zu bedienen.<br><\/p>\n\n\n\n<p><strong>5.<\/strong> <strong><em>Lieferung<\/em><\/strong><br>Lieferungs- und Leistungstermine bed\u00fcrfen &#8211; um rechtsverbindlich zu sein \u2013 unserer schriftlichen Best\u00e4tigung. Lieferfristen verl\u00e4ngern sich angemessen bei Ma\u00dfnahmen im Rahmen von Arbeitsk\u00e4mpfen, insbesondere Streiks und Aussperrungen sowie beim Eintritt sonstiger unvorhergesehener und von uns nicht zu vertretenen Hindernisse, soweit solche Umst\u00e4nde nachweislich auf die Fertigstellung und\/oder<br>Ablieferung des Liefergegenstandes von Einfluss sind. Dies gilt auch, wenn die vorerw\u00e4hnten Umst\u00e4nde bei unseren Unterlieferanten eintreten. Die vorbezeichneten Umst\u00e4nde sind auch dann von uns nicht zu vertreten, wenn sie w\u00e4hrend eines bereits vorliegenden Verzuges entstehen. Den sachlichen und\/oder zeitlichen Umfang der Lieferungs- und Leistungsbeeintr\u00e4chtigung durch Umst\u00e4nde der vorgenannten Art werden wir in wichtigen F\u00e4llen unseren Auftraggebern baldm\u00f6glichst mitteilen.<br><\/p>\n\n\n\n<p><strong>6. <em>Zus\u00e4tzliche Auftr\u00e4ge, Besorgungen und Dienstleistungen<\/em><\/strong><br>Zusatzauftr\u00e4ge bed\u00fcrfen zu ihrer Rechtswirksamkeit unserer schriftlichen Best\u00e4tigung. Besorgungen und sonstige &#8211; wie auch immer geartete &#8211; Dienstleistungen, die &#8211; ohne Gegenstand einer schriftlichen Auftragsbest\u00e4tigung unsererseits zu sein &#8211; f\u00fcr den Auftraggeber auf dessen Verlangen durch Mitarbeiter von uns durchgef\u00fchrt werden, werden wir zu dem im Zeitpunkt der Erbringung dieser Besorgungen und\/oder Dienstleistungen g\u00fcltigen Listen &#8211; Brutto &#8211; Preisen in Rechnung stellen. M\u00e4ngelanspr\u00fcche des Auftraggeber f\u00fcr Besorgungen und\/oder Dienstleistungen vorbezeichneter Art sind \u2013 soweit gesetzlich zul\u00e4ssig \u2013 ausgeschlossen. Messeseitige Hauptanschl\u00fcsse und die daraus resultierenden Nebenkosten sowie Kosten f\u00fcr die M\u00fcllentsorgung am Standplatz sind in unserem Angebot nicht enthalten und gehen zu Lasten des Ausstellers. Kosten, die im Angebot f\u00fcr Auslandsmessen aus technischen Gr\u00fcnden nicht enthalten sind und nach tats\u00e4chlichem Aufwand zu Lasten des Ausstellers abgerechnet werden:<\/p>\n\n\n\n<ul class=\"wp-block-list\"><li>Leerguteinlagerung bei einer Spedition;<\/li><li>Zollkosten sowie Verwaltung der Carnet-Unterlagen;<\/li><li>Standgelder und Platzspesen jedwelcher Art;<\/li><li>Abrechnung von vertraglich gebundenen Messespeditionen f\u00fcr<br>Auf- und Abbau sowie Transport innerhalb des Messegel\u00e4ndes.<br>Transportpreis vorbehaltlich der ebenerdigen Befahrbarkeit des Messegel\u00e4ndes.<\/li><\/ul>\n\n\n\n<p><strong>7. <em>Haftung und Versicherung<\/em><\/strong><br>F\u00fcr jegliche mittelbaren und unmittelbaren Sch\u00e4den, die durch unsere Erf\u00fcllungsgehilfen dem Auftraggeber erwachsen, haften wir nur insoweit, als wir oder unsere Erf\u00fcllungsgehilfen diese Sch\u00e4den vors\u00e4tzlich oder grob fahrl\u00e4ssig herbeigef\u00fchrt haben.<\/p>\n<\/div>\n\n\n\n<div class=\"wp-block-column is-layout-flow wp-block-column-is-layout-flow\">\n<p>Hinsichtlich eventueller Ersatzanspr\u00fcche Dritter hat der Auftraggeber uns sowie unsere Gehilfen oder Beauftragten freizustellen.<br>M\u00e4ngelanspr\u00fcche aufgrund mangelhafter Lieferungen und Leistungen<br>unserer Unterlieferanten und Subunternehmer sind &#8211; soweit gesetzlich zul\u00e4ssig &#8211; ausgeschlossen, es sei denn, dass uns bez\u00fcglich der Auswahl der Unterlieferanten und\/oder Subunternehmer ein Verschulden trifft. Messestandteile (nebst Einrichtungsgegenst\u00e4nden und Zubeh\u00f6r), die von uns dem Auftraggeber mietweise \u00fcberlassen werden, sind von uns gegen Diebstahl, Feuer und Wasser versichert. Bis zur R\u00fcckgabe dieser Mietgegenst\u00e4nde haftet der Auftraggeber f\u00fcr deren Besch\u00e4digung. Bei Auslandstransporten hat der Auftraggeber dar\u00fcber hinaus die unter Zollverschluss einzulagernden Mietgegenst\u00e4nde gegen Besch\u00e4digung zu versichern. F\u00fcr von uns mitgenommene Exponate und sonstige Gegenst\u00e4nde des Ausstellers haften wir nur bei einwandfreier von uns durchgef\u00fchrter Verpackung und Sicherung f\u00fcr den Transport. Firmenverpackte Exponate nehmen wir ohne Haftung auf Versehrtheit und Diebstahl nach tats\u00e4chlichen Transportkosten und tats\u00e4chlichem Aufwand f\u00fcr Carnetkosten freibleibend mit. F\u00fcr St\u00fcckzahl\/Menge kann nur bei \u00dcbergabe mit Lieferschein gegen Unterschrift eines Bevollm\u00e4chtigten Verantwortung \u00fcbernommen werden. Nach Messeschluss kann keinerlei Haftung f\u00fcr Gegenst\u00e4nde des Ausstellers \u00fcbernommen werden. Diebstahlgef\u00e4hrdetes Gut ist auf Gefahr des Ausstellers unmittelbar nach Messeschluss zu entfernen.<\/p>\n\n\n\n<p><strong>8. <em>Beanstandungen<\/em><\/strong><br>Der Auftraggeber hat Lieferung und Leistung sofort nach Entgegennahme zu untersuchen und etwaige M\u00e4ngel unverz\u00fcglich schriftlich uns gegen\u00fcber zu r\u00fcgen. M\u00e4ngel, die auch trotz sorgf\u00e4ltiger Untersuchung nicht erkannt werden konnten, sind unverz\u00fcglich nach Entdeckung uns gegen\u00fcber schriftlich zu r\u00fcgen. Bei berechtigten und rechtzeitig eingegangenen M\u00e4ngelr\u00fcgen sind wir verpflichtet, f\u00fcr diese M\u00e4ngel, im Wege der Nachbesserung Gew\u00e4hr zu leisten. Mehrfache Nachbesserungen sind zul\u00e4ssig. F\u00fchrt die Nachbesserung nach angemessener Nachfristsetzung nicht zur M\u00e4ngelbeseitigung, so ist der Auftraggeber berechtigt, die Herabsetzung der Verg\u00fctung oder &#8211; wenn nicht eine Bauleistung Gegenstand der Gew\u00e4hrleistung ist &#8211; nach seiner Wahl R\u00fcckg\u00e4ngigmachung des Vertrages zu verlangen. Wenn eine M\u00e4ngelr\u00fcge geltend gemacht wird, darf der Auftraggeber uns gegen\u00fcber Zahlungen nur in einem Umfang zur\u00fcckhalten, der in einem angemessenen Verh\u00e4ltnis zu den aufgetretenen M\u00e4ngeln steht. Geh\u00f6rt jedoch der uns erteilte Auftrag zum Betrieb des Handelsgewerbes des Auftraggebers, so kann dieser die entsprechende Zahlungen uns gegen\u00fcber zur\u00fcckzuhalten, wenn er eine M\u00e4ngelr\u00fcge geltend gemacht hat, \u00fcber deren Berechtigung kein Zweifel bestehen kann.<br><\/p>\n\n\n\n<p><strong>9. <em>Zahlungsbedingungen<\/em><\/strong><br>Soweit im Einzelfall nichts anderes vereinbart worden ist, sind die vom<br>Auftraggeber zu leistenden Zahlungen wie folgt f\u00e4llig:<br>50% der Auftragssumme sechs Wochen vor Veranstaltungsbeginn.<br>50% der Auftragssumme bei Stand\u00fcbergabe bzw. bei Auslieferung.<br><\/p>\n\n\n\n<p><strong>10.<\/strong> <strong><em>Stornobedingungen<\/em><\/strong><br>Stornierungen von Auftr\u00e4gen haben schriftlich zu erfolgen. Storniert der Kunde, gleich aus welchem Grund, den Auftrag, so werden grunds\u00e4tzlich 30 % des Bruttoauftragswertes als R\u00fccktrittskosten berechnet. Erfolgt der R\u00fccktritt weniger als drei Wochen vor Mietbeginn, so werden 50%, bei weniger als einer Woche 75% und bei weniger als drei Tagen 100 % des Bruttoauftragswertes zur Zahlung f\u00e4llig. F\u00fcr den Zeitpunkt der Stornierung ist der Zugang des K\u00fcndigungsschreibens bei Keller Design ma\u00dfgeblich. Die H\u00f6he der vorgenannten Pauschalierungskosten ber\u00fccksichtigt die durchschnittlichen ersparten Aufwendungen und die gew\u00f6hnliche anderweitige Verwendung der gebuchten Leistung. Dem Kunden steht der Nachweis eines geringeren Schadens offen.<br><\/p>\n\n\n\n<p><strong>11. <em>Eigentumsvorbehalt<\/em><\/strong><br>S\u00e4mtliche von uns im Wege des Verkaufs an den Auftraggeber oder dessen Beauftragte gelieferten Gegenst\u00e4nde bleiben bis zur vollen Bezahlung des vereinbarten Preises unser Eigentum. Insoweit als uns Schecks und\/oder Wechsel \u00fcbergeben werden, gilt erst mit deren Einl\u00f6sung die Zahlung als bewirkt.<br><\/p>\n\n\n\n<p><strong>12. <em>Teilnichtigkeit<\/em><\/strong><br>Sollten von uns erkl\u00e4rte Angebote, Auftragsbest\u00e4tigungen und\/oder sonstige zwischen unseren Auftraggebern und uns \u2013 wie auch immer \u2013 zustande gekommene Vertr\u00e4ge sowie diese Allgemeinen Gesch\u00e4ftsbedingungen teilweise rechtsunwirksam sein oder werden, so wird hiervon die Rechtswirk-samkeit der \u00fcbrigen Erkl\u00e4rungen und Bestimmungen nicht ber\u00fchrt. Die ung\u00fcltigen Bestimmungen sind durch solche zu ersetzen, die dem offensich-tlichen Zweck am ehesten entsprechen.<br><\/p>\n\n\n\n<p><strong>13. <em>Gerichtsstand und Erf\u00fcllungsort<\/em><\/strong><br>Gerichtsstand und Erf\u00fcllungsort f\u00fcr beide Parteien ist \u2013 soweit gesetzlich zul\u00e4ssig \u2013 Calw; dies gilt auch f\u00fcr Scheck- und Wechselverbindlichkeiten. F\u00fcr nachstehend aufgef\u00fchrte Sonderf\u00e4lle wird als Gerichtsstand ebenfalls das unter Ber\u00fccksichtigung des jeweiligen Streitwertes f\u00fcr unseren Sitz \u00f6rtlich zust\u00e4ndige Gericht vereinbart.<br>a) wenn beide Parteien Vollkaufleute, eine juristische Person des \u00f6ffentlichen Rechts oder ein \u00f6ffentlich-rechtliches Sonderverm\u00f6gen sind;<br>b) wenn der Auftraggeber seinen allgemeinen Wohnsitz im Ausland hat oder<br>nach Vertragsabschluss in das Ausland verlegt oder zum Zeitpunkt der Klageerhebung unauffindbar ist.<br><br>Es ist ausschlie\u00dflich das jeweils in der Bundsrepublik Deutschland g\u00fcltige Recht ma\u00dfgebend.<\/p>\n\n\n\n<div style=\"height:45px\" aria-hidden=\"true\" class=\"wp-block-spacer\"><\/div>\n\n\n\n<figure class=\"wp-block-image aligncenter size-large\"><img loading=\"lazy\" decoding=\"async\" width=\"250\" height=\"105\" src=\"https:\/\/kellerdesign.de\/wp-content\/uploads\/2021\/02\/cropped-Keller-Design-Messen-Events-Logo.jpg\" alt=\"\" class=\"wp-image-462\" srcset=\"https:\/\/kellerdesign.de\/wp-content\/uploads\/2021\/02\/cropped-Keller-Design-Messen-Events-Logo.jpg 250w, https:\/\/kellerdesign.de\/wp-content\/uploads\/2021\/02\/cropped-Keller-Design-Messen-Events-Logo-200x84.jpg 200w\" sizes=\"auto, (max-width: 250px) 100vw, 250px\" \/><\/figure>\n\n\n\n<div style=\"height:15px\" aria-hidden=\"true\" class=\"wp-block-spacer\"><\/div>\n\n\n\n<p class=\"has-text-align-center has-text-color\" style=\"color:#555555\">Keller Design &#8211; Messen &amp; Events &#8211; GmbH<br>Im M\u00f6nchgraben 16 | 75397 Simmozheim<br>Registergericht Stuttgart | HRB 743740<\/p>\n<\/div>\n<\/div>\n","protected":false},"excerpt":{"rendered":"<p>Allgemeine Gesch\u00e4ftsbedingungen der Keller Design &#8211; Messen &amp; Events &#8211; GmbH Juli 2020 7. Haftung und VersicherungF\u00fcr jegliche mittelbaren und unmittelbaren Sch\u00e4den, die durch unsere Erf\u00fcllungsgehilfen dem Auftraggeber erwachsen, haften wir nur insoweit, als wir oder unsere Erf\u00fcllungsgehilfen diese Sch\u00e4den vors\u00e4tzlich oder grob fahrl\u00e4ssig herbeigef\u00fchrt haben. Keller Design &#8211; Messen &amp; Events &#8211; GmbHIm M\u00f6nchgraben [&hellip;]<\/p>\n","protected":false},"author":1,"featured_media":0,"parent":0,"menu_order":0,"comment_status":"closed","ping_status":"closed","template":"","meta":{"_coblocks_attr":"","_coblocks_dimensions":"","_coblocks_responsive_height":"","_coblocks_accordion_ie_support":"","site-sidebar-layout":"default","site-content-layout":"default","ast-site-content-layout":"default","site-content-style":"default","site-sidebar-style":"default","ast-global-header-display":"","ast-banner-title-visibility":"","ast-main-header-display":"","ast-hfb-above-header-display":"","ast-hfb-below-header-display":"","ast-hfb-mobile-header-display":"","site-post-title":"disabled","ast-breadcrumbs-content":"","ast-featured-img":"","footer-sml-layout":"","ast-disable-related-posts":"","theme-transparent-header-meta":"default","adv-header-id-meta":"","stick-header-meta":"default","header-above-stick-meta":"","header-main-stick-meta":"","header-below-stick-meta":"","astra-migrate-meta-layouts":"set","ast-page-background-enabled":"default","ast-page-background-meta":{"desktop":{"background-color":"","background-image":"","background-repeat":"repeat","background-position":"center center","background-size":"auto","background-attachment":"scroll","background-type":"","background-media":"","overlay-type":"","overlay-color":"","overlay-opacity":"","overlay-gradient":""},"tablet":{"background-color":"","background-image":"","background-repeat":"repeat","background-position":"center center","background-size":"auto","background-attachment":"scroll","background-type":"","background-media":"","overlay-type":"","overlay-color":"","overlay-opacity":"","overlay-gradient":""},"mobile":{"background-color":"","background-image":"","background-repeat":"repeat","background-position":"center center","background-size":"auto","background-attachment":"scroll","background-type":"","background-media":"","overlay-type":"","overlay-color":"","overlay-opacity":"","overlay-gradient":""}},"ast-content-background-meta":{"desktop":{"background-color":"var(--ast-global-color-5)","background-image":"","background-repeat":"repeat","background-position":"center center","background-size":"auto","background-attachment":"scroll","background-type":"","background-media":"","overlay-type":"","overlay-color":"","overlay-opacity":"","overlay-gradient":""},"tablet":{"background-color":"var(--ast-global-color-5)","background-image":"","background-repeat":"repeat","background-position":"center center","background-size":"auto","background-attachment":"scroll","background-type":"","background-media":"","overlay-type":"","overlay-color":"","overlay-opacity":"","overlay-gradient":""},"mobile":{"background-color":"var(--ast-global-color-5)","background-image":"","background-repeat":"repeat","background-position":"center center","background-size":"auto","background-attachment":"scroll","background-type":"","background-media":"","overlay-type":"","overlay-color":"","overlay-opacity":"","overlay-gradient":""}},"footnotes":""},"class_list":["post-1354","page","type-page","status-publish","hentry"],"jetpack_sharing_enabled":true,"_links":{"self":[{"href":"https:\/\/kellerdesign.de\/index.php\/wp-json\/wp\/v2\/pages\/1354","targetHints":{"allow":["GET"]}}],"collection":[{"href":"https:\/\/kellerdesign.de\/index.php\/wp-json\/wp\/v2\/pages"}],"about":[{"href":"https:\/\/kellerdesign.de\/index.php\/wp-json\/wp\/v2\/types\/page"}],"author":[{"embeddable":true,"href":"https:\/\/kellerdesign.de\/index.php\/wp-json\/wp\/v2\/users\/1"}],"replies":[{"embeddable":true,"href":"https:\/\/kellerdesign.de\/index.php\/wp-json\/wp\/v2\/comments?post=1354"}],"version-history":[{"count":19,"href":"https:\/\/kellerdesign.de\/index.php\/wp-json\/wp\/v2\/pages\/1354\/revisions"}],"predecessor-version":[{"id":12098,"href":"https:\/\/kellerdesign.de\/index.php\/wp-json\/wp\/v2\/pages\/1354\/revisions\/12098"}],"wp:attachment":[{"href":"https:\/\/kellerdesign.de\/index.php\/wp-json\/wp\/v2\/media?parent=1354"}],"curies":[{"name":"wp","href":"https:\/\/api.w.org\/{rel}","templated":true}]}}