{"id":484,"date":"2021-02-11T14:51:41","date_gmt":"2021-02-11T13:51:41","guid":{"rendered":"http:\/\/kellerdesign.de\/?page_id=484"},"modified":"2025-11-19T11:16:49","modified_gmt":"2025-11-19T10:16:49","slug":"leistungspalette","status":"publish","type":"page","link":"https:\/\/kellerdesign.de\/index.php\/grafik-kellerdesign\/leistungspalette\/","title":{"rendered":"Leistungspalette"},"content":{"rendered":"<div class=\"n2-section-smartslider fitvidsignore  n2_clear\" data-ssid=\"24\"><div id=\"n2-ss-24-align\" class=\"n2-ss-align\"><div class=\"n2-padding\"><div id=\"n2-ss-24\" data-creator=\"Smart Slider 3\" data-responsive=\"auto\" class=\"n2-ss-slider n2-ow n2-has-hover n2notransition  \">\n        <div class=\"n2-ss-slider-1 n2_ss__touch_element n2-ow\">\n            <div class=\"n2-ss-slider-2 n2-ow\">\n                                                    <div class=\"n2-ss-background-animation n2-ow\"><\/div>\n                                <div class=\"n2-ss-slider-3 n2-ow\">\n\n                    <div class=\"n2-ss-slide-backgrounds n2-ow-all\"><div class=\"n2-ss-slide-background\" data-public-id=\"1\" data-mode=\"fill\"><div class=\"n2-ss-slide-background-image\" data-blur=\"0\" data-opacity=\"100\" data-x=\"50\" data-y=\"50\" data-alt=\"Grafik-Fahrzeugwerbung-Beschriftung-Keller-Design\" data-title=\"\"><picture class=\"skip-lazy jetpack-lazy-image\" data-skip-lazy=\"1\"><img decoding=\"async\" src=\"\/\/kellerdesign.de\/wp-content\/uploads\/2021\/11\/Keller-Design-Messen-Events-Grafik-Leistungspalette-01.jpg\" alt=\"Grafik-Fahrzeugwerbung-Beschriftung-Keller-Design\" title=\"\" loading=\"lazy\" class=\"skip-lazy jetpack-lazy-image\" data-skip-lazy=\"1\"><\/picture><\/div><div data-color=\"RGBA(255,255,255,0)\" style=\"background-color: RGBA(255,255,255,0);\" class=\"n2-ss-slide-background-color\"><\/div><\/div><div class=\"n2-ss-slide-background\" data-public-id=\"2\" data-mode=\"fill\" aria-hidden=\"true\"><div class=\"n2-ss-slide-background-image\" data-blur=\"0\" data-opacity=\"100\" data-x=\"50\" data-y=\"50\" data-alt=\"Werbetechnik-Schaufensterbeschriftung-Folienschnitte\" data-title=\"\"><picture class=\"skip-lazy jetpack-lazy-image\" data-skip-lazy=\"1\"><img decoding=\"async\" src=\"\/\/kellerdesign.de\/wp-content\/uploads\/2021\/11\/Keller-Design-Messen-Events-Grafik-Leistungspalette-02.jpg\" alt=\"Werbetechnik-Schaufensterbeschriftung-Folienschnitte\" title=\"\" loading=\"lazy\" class=\"skip-lazy jetpack-lazy-image\" data-skip-lazy=\"1\"><\/picture><\/div><div data-color=\"RGBA(255,255,255,0)\" style=\"background-color: RGBA(255,255,255,0);\" class=\"n2-ss-slide-background-color\"><\/div><\/div><div class=\"n2-ss-slide-background\" data-public-id=\"3\" data-mode=\"fill\" aria-hidden=\"true\"><div class=\"n2-ss-slide-background-image\" data-blur=\"0\" data-opacity=\"100\" data-x=\"50\" data-y=\"50\" data-alt=\"Bodenbeschriftung-Werbetechnik-Grafik\" data-title=\"\"><picture class=\"skip-lazy jetpack-lazy-image\" data-skip-lazy=\"1\"><img decoding=\"async\" src=\"\/\/kellerdesign.de\/wp-content\/uploads\/2021\/11\/Keller-Design-Messen-Events-Grafik-Leistungspalette-03.jpg\" alt=\"Bodenbeschriftung-Werbetechnik-Grafik\" title=\"\" loading=\"lazy\" class=\"skip-lazy jetpack-lazy-image\" data-skip-lazy=\"1\"><\/picture><\/div><div data-color=\"RGBA(255,255,255,0)\" style=\"background-color: RGBA(255,255,255,0);\" class=\"n2-ss-slide-background-color\"><\/div><\/div><div class=\"n2-ss-slide-background\" data-public-id=\"4\" data-mode=\"fill\" aria-hidden=\"true\"><div class=\"n2-ss-slide-background-image\" data-blur=\"0\" data-opacity=\"100\" data-x=\"50\" data-y=\"50\" data-alt=\"Logoentwurf-Grafik-Keller-Design\" data-title=\"\"><picture class=\"skip-lazy jetpack-lazy-image\" data-skip-lazy=\"1\"><img decoding=\"async\" src=\"\/\/kellerdesign.de\/wp-content\/uploads\/2021\/11\/Keller-Design-Messen-Events-Grafik-Leistungspalette-04-1.jpg\" alt=\"Logoentwurf-Grafik-Keller-Design\" title=\"\" loading=\"lazy\" class=\"skip-lazy jetpack-lazy-image\" data-skip-lazy=\"1\"><\/picture><\/div><div data-color=\"RGBA(255,255,255,0)\" style=\"background-color: RGBA(255,255,255,0);\" class=\"n2-ss-slide-background-color\"><\/div><\/div><div class=\"n2-ss-slide-background\" data-public-id=\"5\" data-mode=\"fill\" aria-hidden=\"true\"><div class=\"n2-ss-slide-background-image\" data-blur=\"0\" data-opacity=\"100\" data-x=\"50\" data-y=\"50\" data-alt=\"Website-Grafik-Gestaltung-Ideen-Keller-Design\" data-title=\"\"><picture class=\"skip-lazy jetpack-lazy-image\" data-skip-lazy=\"1\"><img decoding=\"async\" src=\"\/\/kellerdesign.de\/wp-content\/uploads\/2021\/11\/Keller-Design-Messen-Events-Grafik-Leistungspalette-05.jpg\" alt=\"Website-Grafik-Gestaltung-Ideen-Keller-Design\" title=\"\" loading=\"lazy\" class=\"skip-lazy jetpack-lazy-image\" data-skip-lazy=\"1\"><\/picture><\/div><div data-color=\"RGBA(255,255,255,0)\" style=\"background-color: RGBA(255,255,255,0);\" class=\"n2-ss-slide-background-color\"><\/div><\/div><\/div>                    <div class=\"n2-ss-slider-4 n2-ow\">\n                        <svg xmlns=\"http:\/\/www.w3.org\/2000\/svg\" viewBox=\"0 0 960 350\" data-related-device=\"desktopPortrait\" class=\"n2-ow n2-ss-preserve-size n2-ss-preserve-size--slider n2-ss-slide-limiter\"><\/svg><div data-first=\"1\" data-slide-duration=\"0\" data-id=\"209\" data-slide-public-id=\"1\" data-title=\"Keller-Design-Messen-Events-Grafik-Leistungspalette-01\" class=\"n2-ss-slide n2-ow  n2-ss-slide-209\"><div role=\"note\" class=\"n2-ss-slide--focus\" tabindex=\"-1\">Keller-Design-Messen-Events-Grafik-Leistungspalette-01<\/div><div class=\"n2-ss-layers-container n2-ss-slide-limiter n2-ow\"><div class=\"n2-ss-layer n2-ow n-uc-AWhP4B50fqQk\" data-sstype=\"slide\" data-pm=\"default\"><\/div><\/div><\/div><div data-slide-duration=\"0\" data-id=\"210\" data-slide-public-id=\"2\" aria-hidden=\"true\" data-title=\"Keller-Design-Messen-Events-Grafik-Leistungspalette-02\" class=\"n2-ss-slide n2-ow  n2-ss-slide-210\"><div role=\"note\" class=\"n2-ss-slide--focus\" tabindex=\"-1\">Keller-Design-Messen-Events-Grafik-Leistungspalette-02<\/div><div class=\"n2-ss-layers-container n2-ss-slide-limiter n2-ow\"><div class=\"n2-ss-layer n2-ow n-uc-15cdlkJ1q4Kr\" data-sstype=\"slide\" data-pm=\"default\"><\/div><\/div><\/div><div data-slide-duration=\"0\" data-id=\"211\" data-slide-public-id=\"3\" aria-hidden=\"true\" data-title=\"Keller-Design-Messen-Events-Grafik-Leistungspalette-03\" class=\"n2-ss-slide n2-ow  n2-ss-slide-211\"><div role=\"note\" class=\"n2-ss-slide--focus\" tabindex=\"-1\">Keller-Design-Messen-Events-Grafik-Leistungspalette-03<\/div><div class=\"n2-ss-layers-container n2-ss-slide-limiter n2-ow\"><div class=\"n2-ss-layer n2-ow n-uc-Nibeau0TZ1WY\" data-sstype=\"slide\" data-pm=\"default\"><\/div><\/div><\/div><div data-slide-duration=\"0\" data-id=\"212\" data-slide-public-id=\"4\" aria-hidden=\"true\" data-title=\"Keller-Design-Messen-Events-Grafik-Leistungspalette-04\" class=\"n2-ss-slide n2-ow  n2-ss-slide-212\"><div role=\"note\" class=\"n2-ss-slide--focus\" tabindex=\"-1\">Keller-Design-Messen-Events-Grafik-Leistungspalette-04<\/div><div class=\"n2-ss-layers-container n2-ss-slide-limiter n2-ow\"><div class=\"n2-ss-layer n2-ow n-uc-SN7BxOWP5EDn\" data-sstype=\"slide\" data-pm=\"default\"><\/div><\/div><\/div><div data-slide-duration=\"0\" data-id=\"213\" data-slide-public-id=\"5\" aria-hidden=\"true\" data-title=\"Keller-Design-Messen-Events-Grafik-Leistungspalette-05\" class=\"n2-ss-slide n2-ow  n2-ss-slide-213\"><div role=\"note\" class=\"n2-ss-slide--focus\" tabindex=\"-1\">Keller-Design-Messen-Events-Grafik-Leistungspalette-05<\/div><div class=\"n2-ss-layers-container n2-ss-slide-limiter n2-ow\"><div class=\"n2-ss-layer n2-ow n-uc-sbK3lRTrkEU7\" data-sstype=\"slide\" data-pm=\"default\"><\/div><\/div><\/div>                    <\/div>\n\n                                    <\/div>\n            <\/div>\n        <\/div>\n        <\/div><ss3-loader><\/ss3-loader><\/div><\/div><div class=\"n2_clear\"><\/div><\/div>\n\n\n<div style=\"height:25px\" aria-hidden=\"true\" class=\"wp-block-spacer\"><\/div>\n\n\n\n<p class=\"has-text-color\" style=\"color:#555555\"><strong>FAHRZEUGWERBUNG<\/strong><br>Wir beschriften Ihr Fahrzeug nach Ihren W\u00fcnschen entweder im Digitaldruck oder im Folienschnitt, in kleinem Umfang bis hin zum Vollbranding. Bringen Sie uns Ihr Fahrzeug und holen Sie es in frischem Design wieder ab. Schnell und unkompliziert.<br><br><strong>SCHAUFENSTERBESCHRIFTUNG<em><br><\/em><\/strong>Ihr Schaufenster bedarf neuer Aufmerksamkeit? Wir gestalten Ihren Eingangsbereich, Ihr Schaufenster, Ihre Eingangst\u00fcr ganz individuell, nat\u00fcrlich immer entsprechend Ihrem Corporate Design. Vollverklebungen und Text als Folienschnitte m\u00f6glich.<br><br><strong>BESCHILDERUNGEN &amp; BODENLEITSYSTEME<em><br><\/em><\/strong>Wir stellen Ihnen die passenden Schilder f\u00fcr Ihren Bedarf zur Verf\u00fcgung. Angefangen bei DIN A3-Leitschildern, \u00fcber Beschriftungsstelen bis hin zu Gro\u00dfformat-Bannern. Auch Leitsysteme in Form von strapazierf\u00e4higen Bodenfolien geh\u00f6ren zu unserem Repertoire.<br><br><strong>WEBSITES<em><br><\/em><\/strong>Ihrem Corporate Design entsprechend gestalten wir Ihre Website und f\u00fcllen sie mit Leben<strong><em>. <\/em><\/strong>Dabei setzen wir auf einen einfachen und strukturierten Aufbau.<\/p>\n\n\n\n<div class=\"seo-text\" style=\"display:none;\">\n\n  <h2>Beschriftungen und Grafiken ganz nach Ihren W\u00fcnschen<\/h2>\n  <p>Innovative Werbetechnik von Keller Design \u2013 f\u00fcr eine effektive Markenpr\u00e4senz.<\/p>\n\n <h2>Unsere Leistungspalette: Werbetechnik, Gestaltung und Ausf\u00fchrung<\/h2>\n  <p>Individuelle Grafikl\u00f6sungen aus Simmozheim \u2013 perfekt f\u00fcr den Gro\u00dfraum Stuttgart<\/p>\n\n <h2>Von der Idee bis zum Druck \u2013 unsere Grafikl\u00f6sungen verbinden Design und Funktion.<\/h2>\n  <p>Von Bannern \u00fcber Schilder bis zu Wegleitsystemen \u2013 wir finden f\u00fcr alles die optimale L\u00f6sung<\/p>\n\n <h2>Sprechen Sie uns an<\/h2>\n  <p>Bei uns bekommen Sie alles aus einer Hand \u2013 zuverl\u00e4ssig, kreativ und unkompliziert.<\/p>\n\n\n<\/div>\n\n","protected":false},"excerpt":{"rendered":"<p>FAHRZEUGWERBUNGWir beschriften Ihr Fahrzeug nach Ihren W\u00fcnschen entweder im Digitaldruck oder im Folienschnitt, in kleinem Umfang bis hin zum Vollbranding. Bringen Sie uns Ihr Fahrzeug und holen Sie es in frischem Design wieder ab. Schnell und unkompliziert. SCHAUFENSTERBESCHRIFTUNGIhr Schaufenster bedarf neuer Aufmerksamkeit? Wir gestalten Ihren Eingangsbereich, Ihr Schaufenster, Ihre Eingangst\u00fcr ganz individuell, nat\u00fcrlich immer entsprechend [&hellip;]<\/p>\n","protected":false},"author":1,"featured_media":0,"parent":139,"menu_order":4,"comment_status":"closed","ping_status":"closed","template":"","meta":{"_coblocks_attr":"","_coblocks_dimensions":"","_coblocks_responsive_height":"","_coblocks_accordion_ie_support":"","site-sidebar-layout":"default","site-content-layout":"default","ast-site-content-layout":"default","site-content-style":"default","site-sidebar-style":"default","ast-global-header-display":"","ast-banner-title-visibility":"","ast-main-header-display":"","ast-hfb-above-header-display":"","ast-hfb-below-header-display":"","ast-hfb-mobile-header-display":"","site-post-title":"disabled","ast-breadcrumbs-content":"","ast-featured-img":"","footer-sml-layout":"","ast-disable-related-posts":"","theme-transparent-header-meta":"default","adv-header-id-meta":"","stick-header-meta":"default","header-above-stick-meta":"","header-main-stick-meta":"","header-below-stick-meta":"","astra-migrate-meta-layouts":"set","ast-page-background-enabled":"default","ast-page-background-meta":{"desktop":{"background-color":"","background-image":"","background-repeat":"repeat","background-position":"center center","background-size":"auto","background-attachment":"scroll","background-type":"","background-media":"","overlay-type":"","overlay-color":"","overlay-opacity":"","overlay-gradient":""},"tablet":{"background-color":"","background-image":"","background-repeat":"repeat","background-position":"center center","background-size":"auto","background-attachment":"scroll","background-type":"","background-media":"","overlay-type":"","overlay-color":"","overlay-opacity":"","overlay-gradient":""},"mobile":{"background-color":"","background-image":"","background-repeat":"repeat","background-position":"center center","background-size":"auto","background-attachment":"scroll","background-type":"","background-media":"","overlay-type":"","overlay-color":"","overlay-opacity":"","overlay-gradient":""}},"ast-content-background-meta":{"desktop":{"background-color":"var(--ast-global-color-5)","background-image":"","background-repeat":"repeat","background-position":"center center","background-size":"auto","background-attachment":"scroll","background-type":"","background-media":"","overlay-type":"","overlay-color":"","overlay-opacity":"","overlay-gradient":""},"tablet":{"background-color":"var(--ast-global-color-5)","background-image":"","background-repeat":"repeat","background-position":"center center","background-size":"auto","background-attachment":"scroll","background-type":"","background-media":"","overlay-type":"","overlay-color":"","overlay-opacity":"","overlay-gradient":""},"mobile":{"background-color":"var(--ast-global-color-5)","background-image":"","background-repeat":"repeat","background-position":"center center","background-size":"auto","background-attachment":"scroll","background-type":"","background-media":"","overlay-type":"","overlay-color":"","overlay-opacity":"","overlay-gradient":""}},"footnotes":""},"class_list":["post-484","page","type-page","status-publish","hentry"],"jetpack_sharing_enabled":true,"_links":{"self":[{"href":"https:\/\/kellerdesign.de\/index.php\/wp-json\/wp\/v2\/pages\/484","targetHints":{"allow":["GET"]}}],"collection":[{"href":"https:\/\/kellerdesign.de\/index.php\/wp-json\/wp\/v2\/pages"}],"about":[{"href":"https:\/\/kellerdesign.de\/index.php\/wp-json\/wp\/v2\/types\/page"}],"author":[{"embeddable":true,"href":"https:\/\/kellerdesign.de\/index.php\/wp-json\/wp\/v2\/users\/1"}],"replies":[{"embeddable":true,"href":"https:\/\/kellerdesign.de\/index.php\/wp-json\/wp\/v2\/comments?post=484"}],"version-history":[{"count":40,"href":"https:\/\/kellerdesign.de\/index.php\/wp-json\/wp\/v2\/pages\/484\/revisions"}],"predecessor-version":[{"id":13723,"href":"https:\/\/kellerdesign.de\/index.php\/wp-json\/wp\/v2\/pages\/484\/revisions\/13723"}],"up":[{"embeddable":true,"href":"https:\/\/kellerdesign.de\/index.php\/wp-json\/wp\/v2\/pages\/139"}],"wp:attachment":[{"href":"https:\/\/kellerdesign.de\/index.php\/wp-json\/wp\/v2\/media?parent=484"}],"curies":[{"name":"wp","href":"https:\/\/api.w.org\/{rel}","templated":true}]}}