{"id":50,"date":"2020-01-25T13:09:00","date_gmt":"2020-01-25T12:09:00","guid":{"rendered":"http:\/\/kellerdesign.de\/?page_id=50"},"modified":"2025-11-18T15:11:38","modified_gmt":"2025-11-18T14:11:38","slug":"design-events","status":"publish","type":"page","link":"https:\/\/kellerdesign.de\/index.php\/events-full-service\/design-events\/","title":{"rendered":"Design"},"content":{"rendered":"\n<figure class=\"wp-block-image size-full is-style-default has-lightbox\"><a href=\"https:\/\/kellerdesign.de\/index.php\/2024\/09\/30\/trends-und-material\/\" rel=\"EVENTS-Design\"><img loading=\"lazy\" decoding=\"async\" width=\"960\" height=\"600\" src=\"https:\/\/kellerdesign.de\/wp-content\/uploads\/2021\/11\/Keller-Design-EVENT_Menuepunkt_Design_960x600.jpg\" alt=\"Keller-Design-Messen-Events-Design\" class=\"wp-image-3315\" srcset=\"https:\/\/kellerdesign.de\/wp-content\/uploads\/2021\/11\/Keller-Design-EVENT_Menuepunkt_Design_960x600.jpg 960w, https:\/\/kellerdesign.de\/wp-content\/uploads\/2021\/11\/Keller-Design-EVENT_Menuepunkt_Design_960x600-300x188.jpg 300w, https:\/\/kellerdesign.de\/wp-content\/uploads\/2021\/11\/Keller-Design-EVENT_Menuepunkt_Design_960x600-768x480.jpg 768w\" sizes=\"auto, (max-width: 960px) 100vw, 960px\" \/><\/a><\/figure>\n\n\n\n<div class=\"seo-text\" style=\"display:none;\">\n  <h1>Gesp\u00fcr f\u00fcr Trends: Event-Design<\/h1>\n\n  <h2>Gesp\u00fcr und Erfahrung, wir sind Ihr Ansprechpartner<\/h2>\n  <p>Keller Design &#8211; Ihr Partner f\u00fcr emotionale Events<\/p>\n \n<\/div>\n","protected":false},"excerpt":{"rendered":"<p>Gesp\u00fcr f\u00fcr Trends: Event-Design Gesp\u00fcr und Erfahrung, wir sind Ihr Ansprechpartner Keller Design &#8211; Ihr Partner f\u00fcr emotionale Events<\/p>\n","protected":false},"author":1,"featured_media":0,"parent":48,"menu_order":1,"comment_status":"closed","ping_status":"closed","template":"","meta":{"_coblocks_attr":"","_coblocks_dimensions":"","_coblocks_responsive_height":"","_coblocks_accordion_ie_support":"","site-sidebar-layout":"no-sidebar","site-content-layout":"default","ast-site-content-layout":"default","site-content-style":"default","site-sidebar-style":"default","ast-global-header-display":"","ast-banner-title-visibility":"","ast-main-header-display":"","ast-hfb-above-header-display":"","ast-hfb-below-header-display":"","ast-hfb-mobile-header-display":"","site-post-title":"disabled","ast-breadcrumbs-content":"","ast-featured-img":"","footer-sml-layout":"","ast-disable-related-posts":"","theme-transparent-header-meta":"default","adv-header-id-meta":"","stick-header-meta":"default","header-above-stick-meta":"","header-main-stick-meta":"","header-below-stick-meta":"","astra-migrate-meta-layouts":"set","ast-page-background-enabled":"default","ast-page-background-meta":{"desktop":{"background-color":"","background-image":"","background-repeat":"repeat","background-position":"center center","background-size":"auto","background-attachment":"scroll","background-type":"","background-media":"","overlay-type":"","overlay-color":"","overlay-opacity":"","overlay-gradient":""},"tablet":{"background-color":"","background-image":"","background-repeat":"repeat","background-position":"center center","background-size":"auto","background-attachment":"scroll","background-type":"","background-media":"","overlay-type":"","overlay-color":"","overlay-opacity":"","overlay-gradient":""},"mobile":{"background-color":"","background-image":"","background-repeat":"repeat","background-position":"center center","background-size":"auto","background-attachment":"scroll","background-type":"","background-media":"","overlay-type":"","overlay-color":"","overlay-opacity":"","overlay-gradient":""}},"ast-content-background-meta":{"desktop":{"background-color":"var(--ast-global-color-5)","background-image":"","background-repeat":"repeat","background-position":"center center","background-size":"auto","background-attachment":"scroll","background-type":"","background-media":"","overlay-type":"","overlay-color":"","overlay-opacity":"","overlay-gradient":""},"tablet":{"background-color":"var(--ast-global-color-5)","background-image":"","background-repeat":"repeat","background-position":"center center","background-size":"auto","background-attachment":"scroll","background-type":"","background-media":"","overlay-type":"","overlay-color":"","overlay-opacity":"","overlay-gradient":""},"mobile":{"background-color":"var(--ast-global-color-5)","background-image":"","background-repeat":"repeat","background-position":"center center","background-size":"auto","background-attachment":"scroll","background-type":"","background-media":"","overlay-type":"","overlay-color":"","overlay-opacity":"","overlay-gradient":""}},"footnotes":""},"class_list":["post-50","page","type-page","status-publish","hentry"],"jetpack_sharing_enabled":true,"_links":{"self":[{"href":"https:\/\/kellerdesign.de\/index.php\/wp-json\/wp\/v2\/pages\/50","targetHints":{"allow":["GET"]}}],"collection":[{"href":"https:\/\/kellerdesign.de\/index.php\/wp-json\/wp\/v2\/pages"}],"about":[{"href":"https:\/\/kellerdesign.de\/index.php\/wp-json\/wp\/v2\/types\/page"}],"author":[{"embeddable":true,"href":"https:\/\/kellerdesign.de\/index.php\/wp-json\/wp\/v2\/users\/1"}],"replies":[{"embeddable":true,"href":"https:\/\/kellerdesign.de\/index.php\/wp-json\/wp\/v2\/comments?post=50"}],"version-history":[{"count":87,"href":"https:\/\/kellerdesign.de\/index.php\/wp-json\/wp\/v2\/pages\/50\/revisions"}],"predecessor-version":[{"id":13592,"href":"https:\/\/kellerdesign.de\/index.php\/wp-json\/wp\/v2\/pages\/50\/revisions\/13592"}],"up":[{"embeddable":true,"href":"https:\/\/kellerdesign.de\/index.php\/wp-json\/wp\/v2\/pages\/48"}],"wp:attachment":[{"href":"https:\/\/kellerdesign.de\/index.php\/wp-json\/wp\/v2\/media?parent=50"}],"curies":[{"name":"wp","href":"https:\/\/api.w.org\/{rel}","templated":true}]}}