{"id":54,"date":"2020-01-25T13:10:13","date_gmt":"2020-01-25T12:10:13","guid":{"rendered":"http:\/\/kellerdesign.de\/?page_id=54"},"modified":"2025-11-18T15:20:57","modified_gmt":"2025-11-18T14:20:57","slug":"ergebnis-events","status":"publish","type":"page","link":"https:\/\/kellerdesign.de\/index.php\/events-full-service\/ergebnis-events\/","title":{"rendered":"Ergebnis"},"content":{"rendered":"\n<figure class=\"wp-block-image size-full is-style-default has-lightbox\"><a href=\"https:\/\/kellerdesign.de\/index.php\/2024\/11\/15\/erfolgreiche-events\/\" rel=\"EVENTS, die Emotionen wecken - Ergebnis\"><img loading=\"lazy\" decoding=\"async\" width=\"960\" height=\"600\" src=\"https:\/\/kellerdesign.de\/wp-content\/uploads\/2021\/11\/Keller-Design-EVENT_Menuepunkt_Ergebnis_960x600.jpg\" alt=\"Keller-Design-Messen-Events-Ergebnis\" class=\"wp-image-3318\" srcset=\"https:\/\/kellerdesign.de\/wp-content\/uploads\/2021\/11\/Keller-Design-EVENT_Menuepunkt_Ergebnis_960x600.jpg 960w, https:\/\/kellerdesign.de\/wp-content\/uploads\/2021\/11\/Keller-Design-EVENT_Menuepunkt_Ergebnis_960x600-300x188.jpg 300w, https:\/\/kellerdesign.de\/wp-content\/uploads\/2021\/11\/Keller-Design-EVENT_Menuepunkt_Ergebnis_960x600-768x480.jpg 768w\" sizes=\"auto, (max-width: 960px) 100vw, 960px\" \/><\/a><\/figure>\n\n\n\n<div class=\"seo-text\" style=\"display:none;\">\n  <h1>Erfolgreiche Events<\/h1>\n\n  <h2>Keller Design liefert das perfekte Ergebnis<\/h2>\n  <p>Ob Konferenz mit Vollbestuhlung, Hausmessen mit Systemst\u00e4nden oder Roadshows durch ganz Deutschland.<\/p>\n\n  <p>Kreative Ideen und erstklassige Umsetzung f\u00fcr beeindruckende Erlebnisse.<\/p>\n\n\n  <p>Sprechen Sie mit unserem Team \u00fcber Ihr n\u00e4chstes Projekt.<\/p>\n\n  <h2>Wir freuen uns auf Ihre Anfrage<\/h2>\n \n<\/div>\n","protected":false},"excerpt":{"rendered":"<p>Erfolgreiche Events Keller Design liefert das perfekte Ergebnis Ob Konferenz mit Vollbestuhlung, Hausmessen mit Systemst\u00e4nden oder Roadshows durch ganz Deutschland. Kreative Ideen und erstklassige Umsetzung f\u00fcr beeindruckende Erlebnisse. Sprechen Sie mit unserem Team \u00fcber Ihr n\u00e4chstes Projekt. Wir freuen uns auf Ihre Anfrage<\/p>\n","protected":false},"author":1,"featured_media":0,"parent":48,"menu_order":3,"comment_status":"closed","ping_status":"closed","template":"","meta":{"_coblocks_attr":"","_coblocks_dimensions":"","_coblocks_responsive_height":"","_coblocks_accordion_ie_support":"","site-sidebar-layout":"no-sidebar","site-content-layout":"plain-container","ast-site-content-layout":"normal-width-container","site-content-style":"unboxed","site-sidebar-style":"unboxed","ast-global-header-display":"","ast-banner-title-visibility":"","ast-main-header-display":"","ast-hfb-above-header-display":"","ast-hfb-below-header-display":"","ast-hfb-mobile-header-display":"","site-post-title":"disabled","ast-breadcrumbs-content":"","ast-featured-img":"","footer-sml-layout":"","ast-disable-related-posts":"","theme-transparent-header-meta":"default","adv-header-id-meta":"","stick-header-meta":"default","header-above-stick-meta":"","header-main-stick-meta":"","header-below-stick-meta":"","astra-migrate-meta-layouts":"set","ast-page-background-enabled":"default","ast-page-background-meta":{"desktop":{"background-color":"","background-image":"","background-repeat":"repeat","background-position":"center center","background-size":"auto","background-attachment":"scroll","background-type":"","background-media":"","overlay-type":"","overlay-color":"","overlay-opacity":"","overlay-gradient":""},"tablet":{"background-color":"","background-image":"","background-repeat":"repeat","background-position":"center center","background-size":"auto","background-attachment":"scroll","background-type":"","background-media":"","overlay-type":"","overlay-color":"","overlay-opacity":"","overlay-gradient":""},"mobile":{"background-color":"","background-image":"","background-repeat":"repeat","background-position":"center center","background-size":"auto","background-attachment":"scroll","background-type":"","background-media":"","overlay-type":"","overlay-color":"","overlay-opacity":"","overlay-gradient":""}},"ast-content-background-meta":{"desktop":{"background-color":"var(--ast-global-color-5)","background-image":"","background-repeat":"repeat","background-position":"center center","background-size":"auto","background-attachment":"scroll","background-type":"","background-media":"","overlay-type":"","overlay-color":"","overlay-opacity":"","overlay-gradient":""},"tablet":{"background-color":"var(--ast-global-color-5)","background-image":"","background-repeat":"repeat","background-position":"center center","background-size":"auto","background-attachment":"scroll","background-type":"","background-media":"","overlay-type":"","overlay-color":"","overlay-opacity":"","overlay-gradient":""},"mobile":{"background-color":"var(--ast-global-color-5)","background-image":"","background-repeat":"repeat","background-position":"center center","background-size":"auto","background-attachment":"scroll","background-type":"","background-media":"","overlay-type":"","overlay-color":"","overlay-opacity":"","overlay-gradient":""}},"footnotes":""},"class_list":["post-54","page","type-page","status-publish","hentry"],"jetpack_sharing_enabled":true,"_links":{"self":[{"href":"https:\/\/kellerdesign.de\/index.php\/wp-json\/wp\/v2\/pages\/54","targetHints":{"allow":["GET"]}}],"collection":[{"href":"https:\/\/kellerdesign.de\/index.php\/wp-json\/wp\/v2\/pages"}],"about":[{"href":"https:\/\/kellerdesign.de\/index.php\/wp-json\/wp\/v2\/types\/page"}],"author":[{"embeddable":true,"href":"https:\/\/kellerdesign.de\/index.php\/wp-json\/wp\/v2\/users\/1"}],"replies":[{"embeddable":true,"href":"https:\/\/kellerdesign.de\/index.php\/wp-json\/wp\/v2\/comments?post=54"}],"version-history":[{"count":49,"href":"https:\/\/kellerdesign.de\/index.php\/wp-json\/wp\/v2\/pages\/54\/revisions"}],"predecessor-version":[{"id":13680,"href":"https:\/\/kellerdesign.de\/index.php\/wp-json\/wp\/v2\/pages\/54\/revisions\/13680"}],"up":[{"embeddable":true,"href":"https:\/\/kellerdesign.de\/index.php\/wp-json\/wp\/v2\/pages\/48"}],"wp:attachment":[{"href":"https:\/\/kellerdesign.de\/index.php\/wp-json\/wp\/v2\/media?parent=54"}],"curies":[{"name":"wp","href":"https:\/\/api.w.org\/{rel}","templated":true}]}}