{"id":79,"date":"2020-01-25T14:01:37","date_gmt":"2020-01-25T13:01:37","guid":{"rendered":"http:\/\/kellerdesign.de\/?page_id=79"},"modified":"2025-05-20T14:51:06","modified_gmt":"2025-05-20T12:51:06","slug":"impressum-kellerdesign","status":"publish","type":"page","link":"https:\/\/kellerdesign.de\/index.php\/impressum-kellerdesign\/","title":{"rendered":"IMPRESSUM"},"content":{"rendered":"\n<p class=\"has-drop-cap has-text-color\" style=\"color:#555555\"><br>Herausgeber:<br>Keller Design &#8211; Messen &amp; Events &#8211; GmbH<br>Im M\u00f6nchgraben 16<br>D-75397 Simmozheim<br><br>Telefon:&nbsp; <strong><a href=\"tel:+49(7033)526990\" target=\"_blank\" rel=\"noreferrer noopener\">+49 7033 5269-90<\/a><\/strong><br>E-Mail: &nbsp;&nbsp; <strong><a href=\"mailto:info@kellerdesign.de\" target=\"_blank\" rel=\"noreferrer noopener\">info@kellerdesign.de<\/a><\/strong><mark style=\"background-color:rgba(0, 0, 0, 0);color:#14529f\" class=\"has-inline-color\"><br><\/mark><br><br>Gesch\u00e4ftsf\u00fchrer: Rabea Swoboda<br>Registergericht und Registernummer: Stuttgart, HRB 743 740<\/p>\n\n\n\n<p class=\"has-text-color\" style=\"color:#555555;font-size:14px\"><br>Umsatzsteuer-Identifikationsnummer gem\u00e4\u00df\u00a0\u00a7 27 a Umsatzsteuergesetz: DE 287 047 731<br>Inhaltlich Verantwortlicher gem\u00e4\u00df \u00a7 55 Abs. 2 RStV:\u00a0Keller Design &#8211; Messen &amp; Events &#8211; GmbH<br><br>Haftungshinweis: Trotz sorgf\u00e4ltiger inhaltlicher Kontrolle \u00fcbernehmen wir keine Haftung f\u00fcr die Inhalte externer Links.<br>F\u00fcr den Inhalt der verlinkten Seiten sind ausschlie\u00dflich deren Betreiber verantwortlich.<br><br><a href=\"https:\/\/kellerdesign.de\/index.php\/agbs\/\" target=\"_blank\" rel=\"noreferrer noopener\"><mark style=\"background-color:rgba(0, 0, 0, 0);color:#14529f\" class=\"has-inline-color\">Hier\u00a0finden Sie:\u00a0Allgemeine Gesch\u00e4ftsbedingungen<\/mark><\/a><a href=\"http:\/\/events.kellerdesign.de\/index.php?id=5\" target=\"_blank\" rel=\"noreferrer noopener\"><br><\/a><br>Bildnachweise: <strong><a href=\"https:\/\/www.instagram.com\/juliahlousek_fotografie\/\" target=\"_blank\" rel=\"noreferrer noopener\">Julia Hlousek Fotografie<\/a><\/strong> \/<strong> <a href=\"https:\/\/juliahlousek.de\/\" target=\"_blank\" rel=\"noopener\">juliahlousek.de<\/a><\/strong> \/ Keller Design, iStockPhoto, PxHere<br><br>Allgemeiner Hinweis zum Urheberrecht:<br>Die durch die Seitenbetreiber erstellten Inhalte und Werke auf diesen Seiten unterliegen dem deutschen Urheberrecht. Die Vervielf\u00e4ltigung, Bearbeitung, Verbreitung und jede Art der Verwertung au\u00dferhalb der Grenzen des Urheberrechtes bed\u00fcrfen der schriftlichen Zustimmung des jeweiligen Autors bzw. Erstellers. Downloads und Kopien dieser Seite sind nur f\u00fcr den privaten, nicht kommerziellen Gebrauch gestattet. Soweit die Inhalte auf dieser Seite nicht vom Betreiber erstellt wurden, werden die Urheberrechte Dritter beachtet. Insbesondere werden Inhalte Dritter als solche gekennzeichnet. Sollten Sie trotzdem auf eine Urheberrechtsverletzung aufmerksam werden, bitten wir um einen entsprechenden Hinweis. Bei Bekanntwerden von Rechtsverletzungen werden wir derartige Inhalte umgehend entfernen.<\/p>\n\n\n\n<h6 class=\"wp-block-heading has-text-color\" id=\"diese-website-benutzt-google-analytics-einen-webanalysedienst-der-google-inc-google-google-analytics-verwendet-sog-cookies-textdateien-die-auf-ihrem-computer-gespeichert-werden-und-die-eine-analyse-der-benutzung-der-website-durch-sie-ermoglicht-die-durch-den-cookie-erzeugten-informationen-uber-ihre-benutzung-dieser-website-einschliesslich-ihrer-ip-adresse-wird-an-einen-server-von-google-in-den-usa-ubertragen-und-dort-gespeichert-google-wird-diese-informationen-benutzen-um-ihre-nutzung-der-website-auszuwerten-durch-die-nutzung-dieser-website-erklaren-sie-sich-mit-der-bearbeitung-der-uber-sie-erhobenen-daten-durch-google-in-der-zuvor-beschriebenen-art-und-weise-und-zu-dem-zuvor-benannten-zweck-einverstanden\" style=\"color:#555555;font-size:14px\"><br>Datenschutzhinweis &#8211; Google Analytics: <\/h6>\n\n\n\n<h6 class=\"wp-block-heading has-text-color\" id=\"diese-website-benutzt-google-analytics-einen-webanalysedienst-der-google-inc-google-google-analytics-verwendet-sog-cookies-textdateien-die-auf-ihrem-computer-gespeichert-werden-und-die-eine-analyse-der-benutzung-der-website-durch-sie-ermoglicht-die-durch-den-cookie-erzeugten-informationen-uber-ihre-benutzung-dieser-website-einschliesslich-ihrer-ip-adresse-wird-an-einen-server-von-google-in-den-usa-ubertragen-und-dort-gespeichert-google-wird-diese-informationen-benutzen-um-ihre-nutzung-der-website-auszuwerten-durch-die-nutzung-dieser-website-erklaren-sie-sich-mit-der-bearbeitung-der-uber-sie-erhobenen-daten-durch-google-in-der-zuvor-beschriebenen-art-und-weise-und-zu-dem-zuvor-benannten-zweck-einverstanden\" style=\"color:#555555;font-size:11px\">Diese Website benutzt Google Analytics, einen Webanalysedienst der Google Inc. (Google). Google Analytics verwendet sog. Cookies, Textdateien, die auf Ihrem Computer gespeichert werden und die eine Analyse der Benutzung der Website durch Sie erm\u00f6glicht. Die durch den Cookie erzeugten Informationen \u00fcber Ihre Benutzung dieser Website (einschlie\u00dflich Ihrer IP-Adresse) wird an einen Server von Google in den USA \u00fcbertragen und dort gespeichert. Google wird diese Informationen benutzen, um Ihre Nutzung der Website auszuwerten. Durch die Nutzung dieser Website erkl\u00e4ren Sie sich mit der Bearbeitung der \u00fcber Sie erhobenen Daten durch Google in der zuvor beschriebenen Art und Weise und zu dem zuvor benannten Zweck einverstand<\/h6>\n","protected":false},"excerpt":{"rendered":"<p>Herausgeber:Keller Design &#8211; Messen &amp; Events &#8211; GmbHIm M\u00f6nchgraben 16D-75397 Simmozheim Telefon:&nbsp; +49 7033 5269-90E-Mail: &nbsp;&nbsp; info@kellerdesign.de Gesch\u00e4ftsf\u00fchrer: Rabea SwobodaRegistergericht und Registernummer: Stuttgart, HRB 743 740 Umsatzsteuer-Identifikationsnummer gem\u00e4\u00df\u00a0\u00a7 27 a Umsatzsteuergesetz: DE 287 047 731Inhaltlich Verantwortlicher gem\u00e4\u00df \u00a7 55 Abs. 2 RStV:\u00a0Keller Design &#8211; Messen &amp; Events &#8211; GmbH Haftungshinweis: Trotz sorgf\u00e4ltiger inhaltlicher Kontrolle \u00fcbernehmen [&hellip;]<\/p>\n","protected":false},"author":1,"featured_media":0,"parent":0,"menu_order":0,"comment_status":"closed","ping_status":"closed","template":"","meta":{"_coblocks_attr":"","_coblocks_dimensions":"","_coblocks_responsive_height":"","_coblocks_accordion_ie_support":"","site-sidebar-layout":"default","site-content-layout":"default","ast-site-content-layout":"default","site-content-style":"default","site-sidebar-style":"default","ast-global-header-display":"","ast-banner-title-visibility":"","ast-main-header-display":"","ast-hfb-above-header-display":"","ast-hfb-below-header-display":"","ast-hfb-mobile-header-display":"","site-post-title":"","ast-breadcrumbs-content":"","ast-featured-img":"","footer-sml-layout":"","ast-disable-related-posts":"","theme-transparent-header-meta":"default","adv-header-id-meta":"","stick-header-meta":"default","header-above-stick-meta":"","header-main-stick-meta":"","header-below-stick-meta":"","astra-migrate-meta-layouts":"set","ast-page-background-enabled":"default","ast-page-background-meta":{"desktop":{"background-color":"","background-image":"","background-repeat":"repeat","background-position":"center center","background-size":"auto","background-attachment":"scroll","background-type":"","background-media":"","overlay-type":"","overlay-color":"","overlay-opacity":"","overlay-gradient":""},"tablet":{"background-color":"","background-image":"","background-repeat":"repeat","background-position":"center center","background-size":"auto","background-attachment":"scroll","background-type":"","background-media":"","overlay-type":"","overlay-color":"","overlay-opacity":"","overlay-gradient":""},"mobile":{"background-color":"","background-image":"","background-repeat":"repeat","background-position":"center center","background-size":"auto","background-attachment":"scroll","background-type":"","background-media":"","overlay-type":"","overlay-color":"","overlay-opacity":"","overlay-gradient":""}},"ast-content-background-meta":{"desktop":{"background-color":"var(--ast-global-color-5)","background-image":"","background-repeat":"repeat","background-position":"center center","background-size":"auto","background-attachment":"scroll","background-type":"","background-media":"","overlay-type":"","overlay-color":"","overlay-opacity":"","overlay-gradient":""},"tablet":{"background-color":"var(--ast-global-color-5)","background-image":"","background-repeat":"repeat","background-position":"center center","background-size":"auto","background-attachment":"scroll","background-type":"","background-media":"","overlay-type":"","overlay-color":"","overlay-opacity":"","overlay-gradient":""},"mobile":{"background-color":"var(--ast-global-color-5)","background-image":"","background-repeat":"repeat","background-position":"center center","background-size":"auto","background-attachment":"scroll","background-type":"","background-media":"","overlay-type":"","overlay-color":"","overlay-opacity":"","overlay-gradient":""}},"footnotes":""},"class_list":["post-79","page","type-page","status-publish","hentry"],"jetpack_sharing_enabled":true,"_links":{"self":[{"href":"https:\/\/kellerdesign.de\/index.php\/wp-json\/wp\/v2\/pages\/79","targetHints":{"allow":["GET"]}}],"collection":[{"href":"https:\/\/kellerdesign.de\/index.php\/wp-json\/wp\/v2\/pages"}],"about":[{"href":"https:\/\/kellerdesign.de\/index.php\/wp-json\/wp\/v2\/types\/page"}],"author":[{"embeddable":true,"href":"https:\/\/kellerdesign.de\/index.php\/wp-json\/wp\/v2\/users\/1"}],"replies":[{"embeddable":true,"href":"https:\/\/kellerdesign.de\/index.php\/wp-json\/wp\/v2\/comments?post=79"}],"version-history":[{"count":25,"href":"https:\/\/kellerdesign.de\/index.php\/wp-json\/wp\/v2\/pages\/79\/revisions"}],"predecessor-version":[{"id":9546,"href":"https:\/\/kellerdesign.de\/index.php\/wp-json\/wp\/v2\/pages\/79\/revisions\/9546"}],"wp:attachment":[{"href":"https:\/\/kellerdesign.de\/index.php\/wp-json\/wp\/v2\/media?parent=79"}],"curies":[{"name":"wp","href":"https:\/\/api.w.org\/{rel}","templated":true}]}}